{"id":1354,"date":"2025-11-25T09:42:56","date_gmt":"2025-11-25T09:42:56","guid":{"rendered":"https:\/\/powderblue-spoonbill-575742.hostingersite.com\/?page_id=1354"},"modified":"2026-04-01T13:58:12","modified_gmt":"2026-04-01T13:58:12","slug":"blog","status":"publish","type":"page","link":"https:\/\/personalrest.com\/en\/blog\/","title":{"rendered":"Blog"},"content":{"rendered":"\t\t<div data-elementor-type=\"wp-page\" data-elementor-id=\"1354\" class=\"elementor elementor-1354\" data-elementor-post-type=\"page\">\n\t\t\t\t<div class=\"elementor-element elementor-element-af6766e e-flex e-con-boxed e-con e-parent\" data-id=\"af6766e\" data-element_type=\"container\" data-e-type=\"container\" data-settings=\"{&quot;background_background&quot;:&quot;classic&quot;,&quot;background_motion_fx_motion_fx_scrolling&quot;:&quot;yes&quot;,&quot;background_motion_fx_range&quot;:&quot;page&quot;,&quot;background_motion_fx_devices&quot;:[&quot;desktop&quot;,&quot;tablet&quot;,&quot;mobile&quot;]}\">\n\t\t\t\t\t<div class=\"e-con-inner\">\n\t\t\t\t<div class=\"elementor-element elementor-element-c1b85d4 elementor-widget elementor-widget-heading\" data-id=\"c1b85d4\" data-element_type=\"widget\" data-e-type=\"widget\" data-widget_type=\"heading.default\">\n\t\t\t\t\t<h1 class=\"elementor-heading-title elementor-size-default\">Blog<\/h1>\t\t\t\t<\/div>\n\t\t\t\t\t<\/div>\n\t\t\t\t<\/div>\n\t\t<div class=\"elementor-element elementor-element-4c5e960 e-flex e-con-boxed e-con e-parent\" data-id=\"4c5e960\" data-element_type=\"container\" data-e-type=\"container\" data-settings=\"{&quot;background_background&quot;:&quot;classic&quot;}\">\n\t\t\t\t\t<div class=\"e-con-inner\">\n\t\t\t\t<div class=\"elementor-element elementor-element-d779122 elementor-grid-3 elementor-grid-tablet-2 elementor-grid-mobile-1 elementor-widget elementor-widget-loop-grid\" data-id=\"d779122\" data-element_type=\"widget\" data-e-type=\"widget\" data-settings=\"{&quot;template_id&quot;:&quot;1255&quot;,&quot;_skin&quot;:&quot;post&quot;,&quot;columns&quot;:&quot;3&quot;,&quot;columns_tablet&quot;:&quot;2&quot;,&quot;columns_mobile&quot;:&quot;1&quot;,&quot;edit_handle_selector&quot;:&quot;[data-elementor-type=\\&quot;loop-item\\&quot;]&quot;,&quot;row_gap&quot;:{&quot;unit&quot;:&quot;px&quot;,&quot;size&quot;:&quot;&quot;,&quot;sizes&quot;:[]},&quot;row_gap_tablet&quot;:{&quot;unit&quot;:&quot;px&quot;,&quot;size&quot;:&quot;&quot;,&quot;sizes&quot;:[]},&quot;row_gap_mobile&quot;:{&quot;unit&quot;:&quot;px&quot;,&quot;size&quot;:&quot;&quot;,&quot;sizes&quot;:[]}}\" data-widget_type=\"loop-grid.post\">\n\t\t\t\t<div class=\"elementor-widget-container\">\n\t\t\t\t\t\t\t<div class=\"elementor-loop-container elementor-grid\" role=\"list\">\n\t\t<style id=\"loop-dynamic-1255\">.e-loop-item-2975 .elementor-element.elementor-element-76292fd:not(.elementor-motion-effects-element-type-background), .e-loop-item-2975 .elementor-element.elementor-element-76292fd > .elementor-motion-effects-container > .elementor-motion-effects-layer{background-image:url(\"https:\/\/personalrest.com\/wp-content\/uploads\/2026\/04\/Gemini_Generated_Image_u19xmvu19xmvu19x-scaled.png\");}<\/style><style id=\"loop-1255\">.elementor-1255 .elementor-element.elementor-element-8e6aa47{--display:flex;--flex-direction:column;--container-widget-width:100%;--container-widget-height:initial;--container-widget-flex-grow:0;--container-widget-align-self:initial;--flex-wrap-mobile:wrap;--gap:0px 0px;--row-gap:0px;--column-gap:0px;--padding-top:10px;--padding-bottom:10px;--padding-left:10px;--padding-right:10px;--e-con-transform-transition-duration:1000ms;}.elementor-1255 .elementor-element.elementor-element-8e6aa47.e-con:hover{--e-con-transform-translateY:-5px;}.elementor-1255 .elementor-element.elementor-element-76292fd{--display:flex;--min-height:200px;--border-radius:8px 8px 8px 8px;}.elementor-1255 .elementor-element.elementor-element-76292fd:not(.elementor-motion-effects-element-type-background), .elementor-1255 .elementor-element.elementor-element-76292fd > .elementor-motion-effects-container > .elementor-motion-effects-layer{background-position:center center;background-repeat:no-repeat;background-size:cover;}.elementor-1255 .elementor-element.elementor-element-d8dae38{--display:flex;--min-height:150px;--padding-top:20px;--padding-bottom:0px;--padding-left:0px;--padding-right:20px;}.elementor-1255 .elementor-element.elementor-element-d359c75 .elementor-heading-title{font-size:16px;font-weight:400;color:var( --e-global-color-459de08 );}.elementor-1255 .elementor-element.elementor-element-b9292d2{font-size:14px;font-weight:400;line-height:13px;margin-bottom:0px;color:var( --e-global-color-459de08 );}@media(max-width:767px){.elementor-1255 .elementor-element.elementor-element-d8dae38{--gap:10px 10px;--row-gap:10px;--column-gap:10px;}.elementor-1255 .elementor-element.elementor-element-d359c75{text-align:center;}.elementor-1255 .elementor-element.elementor-element-b9292d2{text-align:center;}}@media(min-width:1025px){.elementor-1255 .elementor-element.elementor-element-76292fd:not(.elementor-motion-effects-element-type-background), .elementor-1255 .elementor-element.elementor-element-76292fd > .elementor-motion-effects-container > .elementor-motion-effects-layer{background-attachment:scroll;}}<\/style>\t\t<div data-elementor-type=\"loop-item\" data-elementor-id=\"1255\" class=\"elementor elementor-1255 e-loop-item e-loop-item-2975 post-2975 post type-post status-publish format-standard has-post-thumbnail hentry category-uncategorized\" data-elementor-post-type=\"elementor_library\" data-custom-edit-handle=\"1\">\n\t\t\t<a class=\"eael-wrapper-link-8e6aa47 --eael-wrapper-link-tag\" href=\"https:\/\/personalrest.com\/en\/como-disenar-el-dormitorio-perfecto-para-un-descanso-de-elite\/\"><\/a><div data-eael-wrapper-link=\"eael-wrapper-link-8e6aa47\" class=\"elementor-element elementor-element-8e6aa47 e-transform e-flex e-con-boxed e-con e-parent\" data-id=\"8e6aa47\" data-element_type=\"container\" data-e-type=\"container\" data-settings=\"{&quot;background_background&quot;:&quot;classic&quot;,&quot;_transform_translateY_effect_hover&quot;:{&quot;unit&quot;:&quot;px&quot;,&quot;size&quot;:-5,&quot;sizes&quot;:[]},&quot;_transform_translateX_effect_hover&quot;:{&quot;unit&quot;:&quot;px&quot;,&quot;size&quot;:&quot;&quot;,&quot;sizes&quot;:[]},&quot;_transform_translateX_effect_hover_tablet&quot;:{&quot;unit&quot;:&quot;px&quot;,&quot;size&quot;:&quot;&quot;,&quot;sizes&quot;:[]},&quot;_transform_translateX_effect_hover_mobile&quot;:{&quot;unit&quot;:&quot;px&quot;,&quot;size&quot;:&quot;&quot;,&quot;sizes&quot;:[]},&quot;_transform_translateY_effect_hover_tablet&quot;:{&quot;unit&quot;:&quot;px&quot;,&quot;size&quot;:&quot;&quot;,&quot;sizes&quot;:[]},&quot;_transform_translateY_effect_hover_mobile&quot;:{&quot;unit&quot;:&quot;px&quot;,&quot;size&quot;:&quot;&quot;,&quot;sizes&quot;:[]}}\">\n\t\t\t\t\t<div class=\"e-con-inner\">\n\t\t<div class=\"elementor-element elementor-element-76292fd e-con-full e-flex e-con e-child\" data-id=\"76292fd\" data-element_type=\"container\" data-e-type=\"container\" data-settings=\"{&quot;background_background&quot;:&quot;classic&quot;}\">\n\t\t\t\t<\/div>\n\t\t<div class=\"elementor-element elementor-element-d8dae38 e-con-full e-flex e-con e-child\" data-id=\"d8dae38\" data-element_type=\"container\" data-e-type=\"container\" data-settings=\"{&quot;background_background&quot;:&quot;classic&quot;}\">\n\t\t\t\t<div class=\"elementor-element elementor-element-d359c75 elementor-widget elementor-widget-theme-post-title elementor-page-title elementor-widget-heading\" data-id=\"d359c75\" data-element_type=\"widget\" data-e-type=\"widget\" data-widget_type=\"theme-post-title.default\">\n\t\t\t\t\t<h3 class=\"elementor-heading-title elementor-size-default\">C\u00f3mo Dise\u00f1ar el Dormitorio Perfecto para un Descanso de \u00c9lite<\/h3>\t\t\t\t<\/div>\n\t\t\t\t<div class=\"elementor-element elementor-element-b9292d2 elementor-widget elementor-widget-theme-post-excerpt\" data-id=\"b9292d2\" data-element_type=\"widget\" data-e-type=\"widget\" data-widget_type=\"theme-post-excerpt.default\">\n\t\t\t\t\t<p>En el mundo del alto rendimiento, el lujo ha dejado de ser una cuesti\u00f3n de est\u00e9tica para convertirse en una\t\t\t\t<\/div>\n\t\t\t\t<\/div>\n\t\t\t\t\t<\/div>\n\t\t\t\t<\/div>\n\t\t\t\t<\/div>\n\t\t<style id=\"loop-dynamic-1255\">.e-loop-item-2972 .elementor-element.elementor-element-76292fd:not(.elementor-motion-effects-element-type-background), .e-loop-item-2972 .elementor-element.elementor-element-76292fd > .elementor-motion-effects-container > .elementor-motion-effects-layer{background-image:url(\"https:\/\/personalrest.com\/wp-content\/uploads\/2026\/04\/Gemini_Generated_Image_7vdego7vdego7vde-scaled.png\");}<\/style>\t\t<div data-elementor-type=\"loop-item\" data-elementor-id=\"1255\" class=\"elementor elementor-1255 e-loop-item e-loop-item-2972 post-2972 post type-post status-publish format-standard has-post-thumbnail hentry category-uncategorized\" data-elementor-post-type=\"elementor_library\" data-custom-edit-handle=\"1\">\n\t\t\t<a class=\"eael-wrapper-link-8e6aa47 --eael-wrapper-link-tag\" href=\"https:\/\/personalrest.com\/en\/el-mito-del-confort-estandarizado-por-que-tu-biometria-exige-un-descanso-a-medida\/\"><\/a><div data-eael-wrapper-link=\"eael-wrapper-link-8e6aa47\" class=\"elementor-element elementor-element-8e6aa47 e-transform e-flex e-con-boxed e-con e-parent\" data-id=\"8e6aa47\" data-element_type=\"container\" data-e-type=\"container\" data-settings=\"{&quot;background_background&quot;:&quot;classic&quot;,&quot;_transform_translateY_effect_hover&quot;:{&quot;unit&quot;:&quot;px&quot;,&quot;size&quot;:-5,&quot;sizes&quot;:[]},&quot;_transform_translateX_effect_hover&quot;:{&quot;unit&quot;:&quot;px&quot;,&quot;size&quot;:&quot;&quot;,&quot;sizes&quot;:[]},&quot;_transform_translateX_effect_hover_tablet&quot;:{&quot;unit&quot;:&quot;px&quot;,&quot;size&quot;:&quot;&quot;,&quot;sizes&quot;:[]},&quot;_transform_translateX_effect_hover_mobile&quot;:{&quot;unit&quot;:&quot;px&quot;,&quot;size&quot;:&quot;&quot;,&quot;sizes&quot;:[]},&quot;_transform_translateY_effect_hover_tablet&quot;:{&quot;unit&quot;:&quot;px&quot;,&quot;size&quot;:&quot;&quot;,&quot;sizes&quot;:[]},&quot;_transform_translateY_effect_hover_mobile&quot;:{&quot;unit&quot;:&quot;px&quot;,&quot;size&quot;:&quot;&quot;,&quot;sizes&quot;:[]}}\">\n\t\t\t\t\t<div class=\"e-con-inner\">\n\t\t<div class=\"elementor-element elementor-element-76292fd e-con-full e-flex e-con e-child\" data-id=\"76292fd\" data-element_type=\"container\" data-e-type=\"container\" data-settings=\"{&quot;background_background&quot;:&quot;classic&quot;}\">\n\t\t\t\t<\/div>\n\t\t<div class=\"elementor-element elementor-element-d8dae38 e-con-full e-flex e-con e-child\" data-id=\"d8dae38\" data-element_type=\"container\" data-e-type=\"container\" data-settings=\"{&quot;background_background&quot;:&quot;classic&quot;}\">\n\t\t\t\t<div class=\"elementor-element elementor-element-d359c75 elementor-widget elementor-widget-theme-post-title elementor-page-title elementor-widget-heading\" data-id=\"d359c75\" data-element_type=\"widget\" data-e-type=\"widget\" data-widget_type=\"theme-post-title.default\">\n\t\t\t\t\t<h3 class=\"elementor-heading-title elementor-size-default\">El mito del confort estandarizado: Por qu\u00e9 tu biometr\u00eda exige un descanso a medida<\/h3>\t\t\t\t<\/div>\n\t\t\t\t<div class=\"elementor-element elementor-element-b9292d2 elementor-widget elementor-widget-theme-post-excerpt\" data-id=\"b9292d2\" data-element_type=\"widget\" data-e-type=\"widget\" data-widget_type=\"theme-post-excerpt.default\">\n\t\t\t\t\t<p>Durante d\u00e9cadas, la industria del descanso ha instauradouna una misma idea: que un solo colch\u00f3n, fabricado en masa, puede ser\t\t\t\t<\/div>\n\t\t\t\t<\/div>\n\t\t\t\t\t<\/div>\n\t\t\t\t<\/div>\n\t\t\t\t<\/div>\n\t\t<style id=\"loop-dynamic-1255\">.e-loop-item-1245 .elementor-element.elementor-element-76292fd:not(.elementor-motion-effects-element-type-background), .e-loop-item-1245 .elementor-element.elementor-element-76292fd > .elementor-motion-effects-container > .elementor-motion-effects-layer{background-image:url(\"https:\/\/personalrest.com\/wp-content\/uploads\/2025\/11\/pareja-acostado-dormido-scaled.jpg\");}<\/style>\t\t<div data-elementor-type=\"loop-item\" data-elementor-id=\"1255\" class=\"elementor elementor-1255 e-loop-item e-loop-item-1245 post-1245 post type-post status-publish format-standard has-post-thumbnail hentry category-uncategorized\" data-elementor-post-type=\"elementor_library\" data-custom-edit-handle=\"1\">\n\t\t\t<a class=\"eael-wrapper-link-8e6aa47 --eael-wrapper-link-tag\" href=\"https:\/\/personalrest.com\/en\/cuantas-horas-necesitamos-dormir-realmente-una-mirada-precisa-al-descanso-y-sus-ciclos\/\"><\/a><div data-eael-wrapper-link=\"eael-wrapper-link-8e6aa47\" class=\"elementor-element elementor-element-8e6aa47 e-transform e-flex e-con-boxed e-con e-parent\" data-id=\"8e6aa47\" data-element_type=\"container\" data-e-type=\"container\" data-settings=\"{&quot;background_background&quot;:&quot;classic&quot;,&quot;_transform_translateY_effect_hover&quot;:{&quot;unit&quot;:&quot;px&quot;,&quot;size&quot;:-5,&quot;sizes&quot;:[]},&quot;_transform_translateX_effect_hover&quot;:{&quot;unit&quot;:&quot;px&quot;,&quot;size&quot;:&quot;&quot;,&quot;sizes&quot;:[]},&quot;_transform_translateX_effect_hover_tablet&quot;:{&quot;unit&quot;:&quot;px&quot;,&quot;size&quot;:&quot;&quot;,&quot;sizes&quot;:[]},&quot;_transform_translateX_effect_hover_mobile&quot;:{&quot;unit&quot;:&quot;px&quot;,&quot;size&quot;:&quot;&quot;,&quot;sizes&quot;:[]},&quot;_transform_translateY_effect_hover_tablet&quot;:{&quot;unit&quot;:&quot;px&quot;,&quot;size&quot;:&quot;&quot;,&quot;sizes&quot;:[]},&quot;_transform_translateY_effect_hover_mobile&quot;:{&quot;unit&quot;:&quot;px&quot;,&quot;size&quot;:&quot;&quot;,&quot;sizes&quot;:[]}}\">\n\t\t\t\t\t<div class=\"e-con-inner\">\n\t\t<div class=\"elementor-element elementor-element-76292fd e-con-full e-flex e-con e-child\" data-id=\"76292fd\" data-element_type=\"container\" data-e-type=\"container\" data-settings=\"{&quot;background_background&quot;:&quot;classic&quot;}\">\n\t\t\t\t<\/div>\n\t\t<div class=\"elementor-element elementor-element-d8dae38 e-con-full e-flex e-con e-child\" data-id=\"d8dae38\" data-element_type=\"container\" data-e-type=\"container\" data-settings=\"{&quot;background_background&quot;:&quot;classic&quot;}\">\n\t\t\t\t<div class=\"elementor-element elementor-element-d359c75 elementor-widget elementor-widget-theme-post-title elementor-page-title elementor-widget-heading\" data-id=\"d359c75\" data-element_type=\"widget\" data-e-type=\"widget\" data-widget_type=\"theme-post-title.default\">\n\t\t\t\t\t<h3 class=\"elementor-heading-title elementor-size-default\">Cu\u00e1ntas horas necesitamos dormir realmente: una mirada precisa al descanso y sus ciclos<\/h3>\t\t\t\t<\/div>\n\t\t\t\t<div class=\"elementor-element elementor-element-b9292d2 elementor-widget elementor-widget-theme-post-excerpt\" data-id=\"b9292d2\" data-element_type=\"widget\" data-e-type=\"widget\" data-widget_type=\"theme-post-excerpt.default\">\n\t\t\t\t\t<p>Hablar de horas de sue\u00f1o suele llevarnos a recomendaciones generales: ocho horas, siete para algunos, algo menos para otros. Sin\t\t\t\t<\/div>\n\t\t\t\t<\/div>\n\t\t\t\t\t<\/div>\n\t\t\t\t<\/div>\n\t\t\t\t<\/div>\n\t\t<style id=\"loop-dynamic-1255\">.e-loop-item-1242 .elementor-element.elementor-element-76292fd:not(.elementor-motion-effects-element-type-background), .e-loop-item-1242 .elementor-element.elementor-element-76292fd > .elementor-motion-effects-container > .elementor-motion-effects-layer{background-image:url(\"https:\/\/personalrest.com\/wp-content\/uploads\/2025\/11\/chica-durmiendo-descanso-saludable-scaled.jpg\");}<\/style>\t\t<div data-elementor-type=\"loop-item\" data-elementor-id=\"1255\" class=\"elementor elementor-1255 e-loop-item e-loop-item-1242 post-1242 post type-post status-publish format-standard has-post-thumbnail hentry category-uncategorized\" data-elementor-post-type=\"elementor_library\" data-custom-edit-handle=\"1\">\n\t\t\t<a class=\"eael-wrapper-link-8e6aa47 --eael-wrapper-link-tag\" href=\"https:\/\/personalrest.com\/en\/por-que-un-buen-descanso-es-esencial-para-la-salud-fisica-y-mental\/\"><\/a><div data-eael-wrapper-link=\"eael-wrapper-link-8e6aa47\" class=\"elementor-element elementor-element-8e6aa47 e-transform e-flex e-con-boxed e-con e-parent\" data-id=\"8e6aa47\" data-element_type=\"container\" data-e-type=\"container\" data-settings=\"{&quot;background_background&quot;:&quot;classic&quot;,&quot;_transform_translateY_effect_hover&quot;:{&quot;unit&quot;:&quot;px&quot;,&quot;size&quot;:-5,&quot;sizes&quot;:[]},&quot;_transform_translateX_effect_hover&quot;:{&quot;unit&quot;:&quot;px&quot;,&quot;size&quot;:&quot;&quot;,&quot;sizes&quot;:[]},&quot;_transform_translateX_effect_hover_tablet&quot;:{&quot;unit&quot;:&quot;px&quot;,&quot;size&quot;:&quot;&quot;,&quot;sizes&quot;:[]},&quot;_transform_translateX_effect_hover_mobile&quot;:{&quot;unit&quot;:&quot;px&quot;,&quot;size&quot;:&quot;&quot;,&quot;sizes&quot;:[]},&quot;_transform_translateY_effect_hover_tablet&quot;:{&quot;unit&quot;:&quot;px&quot;,&quot;size&quot;:&quot;&quot;,&quot;sizes&quot;:[]},&quot;_transform_translateY_effect_hover_mobile&quot;:{&quot;unit&quot;:&quot;px&quot;,&quot;size&quot;:&quot;&quot;,&quot;sizes&quot;:[]}}\">\n\t\t\t\t\t<div class=\"e-con-inner\">\n\t\t<div class=\"elementor-element elementor-element-76292fd e-con-full e-flex e-con e-child\" data-id=\"76292fd\" data-element_type=\"container\" data-e-type=\"container\" data-settings=\"{&quot;background_background&quot;:&quot;classic&quot;}\">\n\t\t\t\t<\/div>\n\t\t<div class=\"elementor-element elementor-element-d8dae38 e-con-full e-flex e-con e-child\" data-id=\"d8dae38\" data-element_type=\"container\" data-e-type=\"container\" data-settings=\"{&quot;background_background&quot;:&quot;classic&quot;}\">\n\t\t\t\t<div class=\"elementor-element elementor-element-d359c75 elementor-widget elementor-widget-theme-post-title elementor-page-title elementor-widget-heading\" data-id=\"d359c75\" data-element_type=\"widget\" data-e-type=\"widget\" data-widget_type=\"theme-post-title.default\">\n\t\t\t\t\t<h3 class=\"elementor-heading-title elementor-size-default\">Por qu\u00e9 un buen descanso es esencial para la salud f\u00edsica y mental<\/h3>\t\t\t\t<\/div>\n\t\t\t\t<div class=\"elementor-element elementor-element-b9292d2 elementor-widget elementor-widget-theme-post-excerpt\" data-id=\"b9292d2\" data-element_type=\"widget\" data-e-type=\"widget\" data-widget_type=\"theme-post-excerpt.default\">\n\t\t\t\t\t<p>La relaci\u00f3n entre descanso y salud: una verdad elemental Dormir bien no es un gesto rutinario. Es un proceso biol\u00f3gico\t\t\t\t<\/div>\n\t\t\t\t<\/div>\n\t\t\t\t\t<\/div>\n\t\t\t\t<\/div>\n\t\t\t\t<\/div>\n\t\t\t\t<\/div>\n\t\t\n\t\t\t\t\t\t<\/div>\n\t\t\t\t<\/div>\n\t\t\t\t\t<\/div>\n\t\t\t\t<\/div>\n\t\t\t\t<\/div>\n\t\t","protected":false},"excerpt":{"rendered":"<p>Blog<\/p>","protected":false},"author":1,"featured_media":0,"parent":0,"menu_order":0,"comment_status":"closed","ping_status":"closed","template":"","meta":{"footnotes":""},"class_list":["post-1354","page","type-page","status-publish","hentry"],"_links":{"self":[{"href":"https:\/\/personalrest.com\/en\/wp-json\/wp\/v2\/pages\/1354","targetHints":{"allow":["GET"]}}],"collection":[{"href":"https:\/\/personalrest.com\/en\/wp-json\/wp\/v2\/pages"}],"about":[{"href":"https:\/\/personalrest.com\/en\/wp-json\/wp\/v2\/types\/page"}],"author":[{"embeddable":true,"href":"https:\/\/personalrest.com\/en\/wp-json\/wp\/v2\/users\/1"}],"replies":[{"embeddable":true,"href":"https:\/\/personalrest.com\/en\/wp-json\/wp\/v2\/comments?post=1354"}],"version-history":[{"count":28,"href":"https:\/\/personalrest.com\/en\/wp-json\/wp\/v2\/pages\/1354\/revisions"}],"predecessor-version":[{"id":2942,"href":"https:\/\/personalrest.com\/en\/wp-json\/wp\/v2\/pages\/1354\/revisions\/2942"}],"wp:attachment":[{"href":"https:\/\/personalrest.com\/en\/wp-json\/wp\/v2\/media?parent=1354"}],"curies":[{"name":"wp","href":"https:\/\/api.w.org\/{rel}","templated":true}]}}