{"id":1585,"date":"2025-12-04T10:25:45","date_gmt":"2025-12-04T10:25:45","guid":{"rendered":"https:\/\/powderblue-spoonbill-575742.hostingersite.com\/cart\/"},"modified":"2026-02-19T21:14:14","modified_gmt":"2026-02-19T21:14:14","slug":"cart","status":"publish","type":"page","link":"https:\/\/personalrest.com\/en\/cart\/","title":{"rendered":"Cart"},"content":{"rendered":"\t\t<div data-elementor-type=\"wp-page\" data-elementor-id=\"1585\" class=\"elementor elementor-1585\" data-elementor-post-type=\"page\">\n\t\t\t\t<div class=\"elementor-element elementor-element-910d6a5 e-flex e-con-boxed e-con e-parent\" data-id=\"910d6a5\" data-element_type=\"container\" data-e-type=\"container\" data-settings=\"{&quot;background_background&quot;:&quot;classic&quot;,&quot;background_motion_fx_motion_fx_scrolling&quot;:&quot;yes&quot;,&quot;background_motion_fx_range&quot;:&quot;page&quot;,&quot;background_motion_fx_devices&quot;:[&quot;desktop&quot;,&quot;tablet&quot;,&quot;mobile&quot;]}\">\n\t\t\t\t\t<div class=\"e-con-inner\">\n\t\t\t\t<div class=\"elementor-element elementor-element-0634e9d elementor-widget elementor-widget-heading\" data-id=\"0634e9d\" data-element_type=\"widget\" data-e-type=\"widget\" data-widget_type=\"heading.default\">\n\t\t\t\t\t<h1 class=\"elementor-heading-title elementor-size-default\">Carrito<\/h1>\t\t\t\t<\/div>\n\t\t\t\t\t<\/div>\n\t\t\t\t<\/div>\n\t\t<div class=\"elementor-element elementor-element-3a4029fe e-flex e-con-boxed e-con e-parent\" data-id=\"3a4029fe\" data-element_type=\"container\" data-e-type=\"container\">\n\t\t\t\t\t<div class=\"e-con-inner\">\n\t\t\t\t\t<\/div>\n\t\t\t\t<\/div>\n\t\t\t\t<\/div>\n\t\t","protected":false},"excerpt":{"rendered":"<p>Carrito Eliminar art\u00edculo Imagen en miniatura Producto Precio Cantidad Subtotal &times; Colch\u00f3n Modular Pro &#8211; 200&#215;190 cm 1.999,00&nbsp;&euro; Colch\u00f3n Modular Pro &#8211; 200&#215;190 cm cantidad 1.999,00&nbsp;&euro; Total Subtotal 1.999,00&nbsp;&euro; Envio 1 Env\u00edo gratuito Enviar a M\u00e1laga. Total 1.999,00&nbsp;&euro; Proceder al pago<\/p>","protected":false},"author":1,"featured_media":0,"parent":0,"menu_order":0,"comment_status":"closed","ping_status":"closed","template":"","meta":{"footnotes":""},"class_list":["post-1585","page","type-page","status-publish","hentry"],"_links":{"self":[{"href":"https:\/\/personalrest.com\/en\/wp-json\/wp\/v2\/pages\/1585","targetHints":{"allow":["GET"]}}],"collection":[{"href":"https:\/\/personalrest.com\/en\/wp-json\/wp\/v2\/pages"}],"about":[{"href":"https:\/\/personalrest.com\/en\/wp-json\/wp\/v2\/types\/page"}],"author":[{"embeddable":true,"href":"https:\/\/personalrest.com\/en\/wp-json\/wp\/v2\/users\/1"}],"replies":[{"embeddable":true,"href":"https:\/\/personalrest.com\/en\/wp-json\/wp\/v2\/comments?post=1585"}],"version-history":[{"count":40,"href":"https:\/\/personalrest.com\/en\/wp-json\/wp\/v2\/pages\/1585\/revisions"}],"predecessor-version":[{"id":2452,"href":"https:\/\/personalrest.com\/en\/wp-json\/wp\/v2\/pages\/1585\/revisions\/2452"}],"wp:attachment":[{"href":"https:\/\/personalrest.com\/en\/wp-json\/wp\/v2\/media?parent=1585"}],"curies":[{"name":"wp","href":"https:\/\/api.w.org\/{rel}","templated":true}]}}