{"id":2668,"date":"2026-02-27T09:25:07","date_gmt":"2026-02-27T09:25:07","guid":{"rendered":"https:\/\/personalrest.com\/?page_id=2668"},"modified":"2026-02-27T10:27:35","modified_gmt":"2026-02-27T10:27:35","slug":"politica-de-cookies","status":"publish","type":"page","link":"https:\/\/personalrest.com\/en\/politica-de-cookies\/","title":{"rendered":"Cookies Policy"},"content":{"rendered":"\t\t<div data-elementor-type=\"wp-page\" data-elementor-id=\"2668\" class=\"elementor elementor-2668\" data-elementor-post-type=\"page\">\n\t\t\t\t<div class=\"elementor-element elementor-element-c4d6f37 e-flex e-con-boxed e-con e-parent\" data-id=\"c4d6f37\" data-element_type=\"container\" data-e-type=\"container\" data-settings=\"{&quot;background_background&quot;:&quot;classic&quot;,&quot;background_motion_fx_motion_fx_scrolling&quot;:&quot;yes&quot;,&quot;background_motion_fx_range&quot;:&quot;page&quot;,&quot;background_motion_fx_devices&quot;:[&quot;desktop&quot;,&quot;tablet&quot;,&quot;mobile&quot;]}\">\n\t\t\t\t\t<div class=\"e-con-inner\">\n\t\t\t\t\t<\/div>\n\t\t\t\t<\/div>\n\t\t<div class=\"elementor-element elementor-element-57ea8b4 e-flex e-con-boxed e-con e-parent\" data-id=\"57ea8b4\" data-element_type=\"container\" data-e-type=\"container\">\n\t\t\t\t\t<div class=\"e-con-inner\">\n\t\t\t\t<div class=\"elementor-element elementor-element-2975161e elementor-widget elementor-widget-text-editor\" data-id=\"2975161e\" data-element_type=\"widget\" data-e-type=\"widget\" data-widget_type=\"text-editor.default\">\n\t\t\t\t\t\t\t\t\t\n<h1 data-start=\"313\" data-end=\"336\">Pol\u00edtica de Cookies<\/h1>\n<p data-start=\"337\" data-end=\"354\"><strong data-start=\"337\" data-end=\"354\">Personal Rest<\/strong><\/p>\n<p data-start=\"356\" data-end=\"385\">\u00daltima actualizaci\u00f3n: Marzo 2026<\/p>\n<h2 data-start=\"392\" data-end=\"419\">\u00a0<\/h2>\n<h2 data-start=\"392\" data-end=\"419\">1. \u00bfQu\u00e9 son las cookies?<\/h2>\n<p data-start=\"421\" data-end=\"694\">Una cookie es un peque\u00f1o archivo que se descarga en el dispositivo del usuario al acceder a determinadas p\u00e1ginas web. Las cookies permiten a una p\u00e1gina web, entre otras funciones, almacenar y recuperar informaci\u00f3n sobre los h\u00e1bitos de navegaci\u00f3n del usuario o de su equipo.<\/p>\n<p data-start=\"696\" data-end=\"890\">En Personal Rest utilizamos cookies con el objetivo de garantizar el correcto funcionamiento del sitio web, mejorar la experiencia de navegaci\u00f3n y, cuando corresponda, analizar el uso del mismo.<\/p>\n<h2 data-start=\"897\" data-end=\"930\">\u00a0<\/h2>\n<h2 data-start=\"897\" data-end=\"930\">2. Tipos de cookies utilizadas<\/h2>\n<p data-start=\"932\" data-end=\"997\">El sitio web puede utilizar las siguientes categor\u00edas de cookies:<\/p>\n<h3 data-start=\"999\" data-end=\"1037\">2.1. Cookies t\u00e9cnicas o necesarias<\/h3>\n<p data-start=\"1039\" data-end=\"1122\">Son aquellas imprescindibles para el funcionamiento b\u00e1sico del sitio web. Permiten:<\/p>\n<ul data-start=\"1124\" data-end=\"1250\">\n<li data-start=\"1124\" data-end=\"1148\">\n<p data-start=\"1126\" data-end=\"1148\">Navegar por la p\u00e1gina.<\/p>\n<\/li>\n<li data-start=\"1149\" data-end=\"1175\">\n<p data-start=\"1151\" data-end=\"1175\">Acceder a \u00e1reas seguras.<\/p>\n<\/li>\n<li data-start=\"1176\" data-end=\"1200\">\n<p data-start=\"1178\" data-end=\"1200\">Gestionar formularios.<\/p>\n<\/li>\n<li data-start=\"1201\" data-end=\"1250\">\n<p data-start=\"1203\" data-end=\"1250\">Recordar preferencias b\u00e1sicas de configuraci\u00f3n.<\/p>\n<\/li>\n<\/ul>\n<p data-start=\"1252\" data-end=\"1302\">Estas cookies no requieren consentimiento expreso.<\/p>\n<h3 data-start=\"1309\" data-end=\"1348\">\u00a0<\/h3>\n<h3 data-start=\"1309\" data-end=\"1348\">2.2. Cookies de an\u00e1lisis o medici\u00f3n<\/h3>\n<p data-start=\"1350\" data-end=\"1481\">Permiten cuantificar el n\u00famero de usuarios y realizar medici\u00f3n y an\u00e1lisis estad\u00edstico del uso que hacen los usuarios del sitio web.<\/p>\n<p data-start=\"1483\" data-end=\"1567\">La informaci\u00f3n recogida se utiliza para mejorar la estructura y contenido del sitio.<\/p>\n<p data-start=\"1569\" data-end=\"1641\">Estas cookies solo se instalar\u00e1n si el usuario presta su consentimiento.<\/p>\n<p data-start=\"1643\" data-end=\"1719\">Ejemplo: herramientas como Google Analytics u otras soluciones equivalentes.<\/p>\n<h3 data-start=\"1726\" data-end=\"1761\">\u00a0<\/h3>\n<h3 data-start=\"1726\" data-end=\"1761\">2.3. Cookies de personalizaci\u00f3n<\/h3>\n<p data-start=\"1763\" data-end=\"1903\">Permiten recordar informaci\u00f3n para que el usuario acceda al servicio con determinadas caracter\u00edsticas que pueden diferenciar su experiencia.<\/p>\n<h3 data-start=\"1910\" data-end=\"1954\">\u00a0<\/h3>\n<h3 data-start=\"1910\" data-end=\"1954\">2.4. Cookies publicitarias o de terceros<\/h3>\n<p data-start=\"1956\" data-end=\"2134\">En caso de utilizar herramientas de publicidad digital o remarketing, podr\u00e1n instalarse cookies destinadas a mostrar publicidad relevante en funci\u00f3n de los h\u00e1bitos de navegaci\u00f3n.<\/p>\n<p data-start=\"2136\" data-end=\"2209\">Estas cookies solo se activar\u00e1n con el consentimiento previo del usuario.<\/p>\n<h2 data-start=\"2216\" data-end=\"2255\">\u00a0<\/h2>\n<h2 data-start=\"2216\" data-end=\"2255\">3. Base legal para el uso de cookies<\/h2>\n<p data-start=\"2257\" data-end=\"2429\">El uso de cookies no esenciales se basa en el consentimiento informado del usuario, otorgado mediante el banner o panel de configuraci\u00f3n habilitado al acceder al sitio web.<\/p>\n<p data-start=\"2431\" data-end=\"2512\">El usuario podr\u00e1 aceptar, rechazar o configurar las cookies en cualquier momento.<\/p>\n<h2 data-start=\"2519\" data-end=\"2559\">\u00a0<\/h2>\n<h2 data-start=\"2519\" data-end=\"2559\">4. Gesti\u00f3n y configuraci\u00f3n de cookies<\/h2>\n<p data-start=\"2561\" data-end=\"2642\">Al acceder al sitio web, el usuario dispone de un sistema de gesti\u00f3n que permite:<\/p>\n<ul data-start=\"2644\" data-end=\"2762\">\n<li data-start=\"2644\" data-end=\"2672\">\n<p data-start=\"2646\" data-end=\"2672\">Aceptar todas las cookies.<\/p>\n<\/li>\n<li data-start=\"2673\" data-end=\"2716\">\n<p data-start=\"2675\" data-end=\"2716\">Rechazar todas las cookies no necesarias.<\/p>\n<\/li>\n<li data-start=\"2717\" data-end=\"2762\">\n<p data-start=\"2719\" data-end=\"2762\">Configurar sus preferencias por categor\u00edas.<\/p>\n<\/li>\n<\/ul>\n<p data-start=\"2764\" data-end=\"2871\">Asimismo, el usuario puede configurar su navegador para bloquear o eliminar cookies previamente instaladas.<\/p>\n<p data-start=\"2873\" data-end=\"2940\">A continuaci\u00f3n, se facilitan enlaces a los principales navegadores:<\/p>\n<ul data-start=\"2942\" data-end=\"3009\">\n<li data-start=\"2942\" data-end=\"2959\">\n<p data-start=\"2944\" data-end=\"2959\"><a href=\"https:\/\/support.google.com\/chrome\/answer\/95647?hl=es\" rel=\"nofollow noopener\" target=\"_blank\">Google Chrome<\/a><\/p>\n<\/li>\n<li data-start=\"2960\" data-end=\"2979\">\n<p data-start=\"2962\" data-end=\"2979\"><a href=\"https:\/\/support.mozilla.org\/es\/kb\/habilitar-y-deshabilitar-cookies-sitios-web-rastrear-preferencias\" rel=\"nofollow noopener\" target=\"_blank\">Mozilla Firefox<\/a><\/p>\n<\/li>\n<li data-start=\"2980\" data-end=\"2990\">\n<p data-start=\"2982\" data-end=\"2990\"><a href=\"https:\/\/support.apple.com\/es-es\/guide\/safari\/sfri11471\/mac\" rel=\"nofollow noopener\" target=\"_blank\">Safari<\/a><\/p>\n<\/li>\n<li data-start=\"2991\" data-end=\"3009\">\n<p data-start=\"2993\" data-end=\"3009\"><a href=\"https:\/\/support.microsoft.com\/es-es\/microsoft-edge\/eliminar-las-cookies-en-microsoft-edge-63947406-40ac-c3b8-57b9-2a946a29ae09\" rel=\"nofollow noopener\" target=\"_blank\">Microsoft Edge<\/a><\/p>\n<\/li>\n<\/ul>\n<h2 data-start=\"3068\" data-end=\"3104\">\u00a0<\/h2>\n<h2 data-start=\"3068\" data-end=\"3104\">5. Conservaci\u00f3n de la informaci\u00f3n<\/h2>\n<p data-start=\"3106\" data-end=\"3255\">Las cookies se conservar\u00e1n durante el tiempo estrictamente necesario para cumplir su finalidad o hasta que el usuario las elimine desde su navegador.<\/p>\n<h2 data-start=\"3262\" data-end=\"3298\">\u00a0<\/h2>\n<h2 data-start=\"3262\" data-end=\"3298\">6. Transferencias internacionales<\/h2>\n<p data-start=\"3300\" data-end=\"3518\">En caso de utilizar herramientas de terceros ubicadas fuera del Espacio Econ\u00f3mico Europeo, se adoptar\u00e1n las garant\u00edas adecuadas conforme a la normativa vigente (cl\u00e1usulas contractuales tipo u otros mecanismos legales).<\/p>\n<h2 data-start=\"3525\" data-end=\"3561\">\u00a0<\/h2>\n<h2 data-start=\"3525\" data-end=\"3561\">7. Actualizaciones de la pol\u00edtica<\/h2>\n<p data-start=\"3563\" data-end=\"3694\">Personal Rest podr\u00e1 actualizar la presente Pol\u00edtica de Cookies cuando sea necesario para adaptarla a cambios normativos o t\u00e9cnicos.<\/p>\n<p data-start=\"3696\" data-end=\"3762\">Se recomienda al usuario revisar esta pol\u00edtica de forma peri\u00f3dica.<\/p>\n\t\t\t\t\t\t\t\t<\/div>\n\t\t\t\t\t<\/div>\n\t\t\t\t<\/div>\n\t\t\t\t<\/div>\n\t\t","protected":false},"excerpt":{"rendered":"<p>Pol\u00edtica de Cookies Personal Rest \u00daltima actualizaci\u00f3n: Marzo 2026 \u00a0 1. \u00bfQu\u00e9 son las cookies? Una cookie es un peque\u00f1o archivo que se descarga en el dispositivo del usuario al acceder a determinadas p\u00e1ginas web. Las cookies permiten a una p\u00e1gina web, entre otras funciones, almacenar y recuperar informaci\u00f3n sobre los h\u00e1bitos de navegaci\u00f3n del [&hellip;]<\/p>\n","protected":false},"author":1,"featured_media":0,"parent":0,"menu_order":0,"comment_status":"closed","ping_status":"closed","template":"","meta":{"footnotes":""},"class_list":["post-2668","page","type-page","status-publish","hentry"],"_links":{"self":[{"href":"https:\/\/personalrest.com\/en\/wp-json\/wp\/v2\/pages\/2668","targetHints":{"allow":["GET"]}}],"collection":[{"href":"https:\/\/personalrest.com\/en\/wp-json\/wp\/v2\/pages"}],"about":[{"href":"https:\/\/personalrest.com\/en\/wp-json\/wp\/v2\/types\/page"}],"author":[{"embeddable":true,"href":"https:\/\/personalrest.com\/en\/wp-json\/wp\/v2\/users\/1"}],"replies":[{"embeddable":true,"href":"https:\/\/personalrest.com\/en\/wp-json\/wp\/v2\/comments?post=2668"}],"version-history":[{"count":3,"href":"https:\/\/personalrest.com\/en\/wp-json\/wp\/v2\/pages\/2668\/revisions"}],"predecessor-version":[{"id":2671,"href":"https:\/\/personalrest.com\/en\/wp-json\/wp\/v2\/pages\/2668\/revisions\/2671"}],"wp:attachment":[{"href":"https:\/\/personalrest.com\/en\/wp-json\/wp\/v2\/media?parent=2668"}],"curies":[{"name":"wp","href":"https:\/\/api.w.org\/{rel}","templated":true}]}}