{"id":389,"date":"2025-10-20T17:31:31","date_gmt":"2025-10-20T17:31:31","guid":{"rendered":"https:\/\/powderblue-spoonbill-575742.hostingersite.com\/?page_id=389"},"modified":"2026-04-01T13:57:13","modified_gmt":"2026-04-01T13:57:13","slug":"sobre-nosotros","status":"publish","type":"page","link":"https:\/\/personalrest.com\/en\/sobre-nosotros\/","title":{"rendered":"Sobre nosotros"},"content":{"rendered":"\t\t<div data-elementor-type=\"wp-page\" data-elementor-id=\"389\" class=\"elementor elementor-389\" data-elementor-post-type=\"page\">\n\t\t\t\t<div class=\"elementor-element elementor-element-89ecacf e-flex e-con-boxed e-con e-parent\" data-id=\"89ecacf\" data-element_type=\"container\" data-e-type=\"container\" data-settings=\"{&quot;background_background&quot;:&quot;classic&quot;,&quot;background_motion_fx_motion_fx_scrolling&quot;:&quot;yes&quot;,&quot;background_motion_fx_range&quot;:&quot;page&quot;,&quot;background_motion_fx_devices&quot;:[&quot;desktop&quot;,&quot;tablet&quot;,&quot;mobile&quot;]}\">\n\t\t\t\t\t<div class=\"e-con-inner\">\n\t\t\t\t<div class=\"elementor-element elementor-element-a693333 elementor-widget elementor-widget-heading\" data-id=\"a693333\" data-element_type=\"widget\" data-e-type=\"widget\" data-widget_type=\"heading.default\">\n\t\t\t\t\t<h1 class=\"elementor-heading-title elementor-size-default\">Sobre Nosotros<\/h1>\t\t\t\t<\/div>\n\t\t\t\t\t<\/div>\n\t\t\t\t<\/div>\n\t\t<div class=\"elementor-element elementor-element-c606db4 e-flex e-con-boxed e-con e-parent\" data-id=\"c606db4\" data-element_type=\"container\" data-e-type=\"container\" data-settings=\"{&quot;background_background&quot;:&quot;classic&quot;}\">\n\t\t\t\t\t<div class=\"e-con-inner\">\n\t\t<div class=\"elementor-element elementor-element-00fd809 e-con-full e-flex e-con e-child\" data-id=\"00fd809\" data-element_type=\"container\" data-e-type=\"container\">\n\t\t<div class=\"elementor-element elementor-element-455204f e-con-full e-flex e-con e-child\" data-id=\"455204f\" data-element_type=\"container\" data-e-type=\"container\">\n\t\t\t\t<div class=\"elementor-element elementor-element-9d5224b elementor-widget elementor-widget-image\" data-id=\"9d5224b\" data-element_type=\"widget\" data-e-type=\"widget\" data-widget_type=\"image.default\">\n\t\t\t\t\t\t\t\t\t\t\t\t\t\t\t<img fetchpriority=\"high\" decoding=\"async\" width=\"1920\" height=\"1080\" src=\"https:\/\/personalrest.com\/wp-content\/uploads\/2025\/11\/foto-1-01.jpg\" class=\"attachment-full size-full wp-image-1508\" alt=\"\" srcset=\"https:\/\/personalrest.com\/wp-content\/uploads\/2025\/11\/foto-1-01.jpg 1920w, https:\/\/personalrest.com\/wp-content\/uploads\/2025\/11\/foto-1-01-600x338.jpg 600w, https:\/\/personalrest.com\/wp-content\/uploads\/2025\/11\/foto-1-01-300x169.jpg 300w, https:\/\/personalrest.com\/wp-content\/uploads\/2025\/11\/foto-1-01-1024x576.jpg 1024w, https:\/\/personalrest.com\/wp-content\/uploads\/2025\/11\/foto-1-01-768x432.jpg 768w, https:\/\/personalrest.com\/wp-content\/uploads\/2025\/11\/foto-1-01-1536x864.jpg 1536w\" sizes=\"(max-width: 1920px) 100vw, 1920px\" \/>\t\t\t\t\t\t\t\t\t\t\t\t\t\t\t<\/div>\n\t\t\t\t<\/div>\n\t\t<div class=\"elementor-element elementor-element-033f0cc e-con-full e-flex e-con e-child\" data-id=\"033f0cc\" data-element_type=\"container\" data-e-type=\"container\">\n\t\t\t\t<div class=\"elementor-element elementor-element-3eccc7c elementor-widget elementor-widget-heading\" data-id=\"3eccc7c\" data-element_type=\"widget\" data-e-type=\"widget\" data-widget_type=\"heading.default\">\n\t\t\t\t\t<h2 class=\"elementor-heading-title elementor-size-default\">Nuestra historia<\/h2>\t\t\t\t<\/div>\n\t\t\t\t<div class=\"elementor-element elementor-element-86f2dd2 elementor-widget elementor-widget-text-editor\" data-id=\"86f2dd2\" data-element_type=\"widget\" data-e-type=\"widget\" data-widget_type=\"text-editor.default\">\n\t\t\t\t\t\t\t\t\t<p>Personal Rest es una empresa familiar, la cual lleva m\u00e1s de 40 a\u00f1os dedicando su vida a mejorar la calidad del descanso de las personas.<\/p><p>Nuestra b\u00fasqueda por la excelencia nos ha llevado a recorrer el mundo, buscando los mejores materiales, las tecnolog\u00edas m\u00e1s avanzadas y los conocimientos m\u00e1s profundos sobre el sue\u00f1o. <i>Conocimientos que, unidos a nuestra experiencia, nos han llevado a crear los colchones m\u00e1s innovadores y exclusivos del mundo.<\/i><\/p>\t\t\t\t\t\t\t\t<\/div>\n\t\t\t\t<\/div>\n\t\t\t\t<\/div>\n\t\t\t\t\t<\/div>\n\t\t\t\t<\/div>\n\t\t<div class=\"elementor-element elementor-element-7293369 e-flex e-con-boxed e-con e-parent\" data-id=\"7293369\" data-element_type=\"container\" data-e-type=\"container\" data-settings=\"{&quot;background_background&quot;:&quot;classic&quot;}\">\n\t\t\t\t\t<div class=\"e-con-inner\">\n\t\t<div class=\"elementor-element elementor-element-30f4bc4 e-con-full e-flex e-con e-child\" data-id=\"30f4bc4\" data-element_type=\"container\" data-e-type=\"container\">\n\t\t<div class=\"elementor-element elementor-element-bed31b1 e-con-full e-flex e-con e-child\" data-id=\"bed31b1\" data-element_type=\"container\" data-e-type=\"container\">\n\t\t\t\t<div class=\"elementor-element elementor-element-805d0e9 elementor-widget elementor-widget-heading\" data-id=\"805d0e9\" data-element_type=\"widget\" data-e-type=\"widget\" data-widget_type=\"heading.default\">\n\t\t\t\t\t<h2 class=\"elementor-heading-title elementor-size-default\">Entendemos el descanso como uno de los pilares fundamentales del bienestar.<\/h2>\t\t\t\t<\/div>\n\t\t\t\t<div class=\"elementor-element elementor-element-5008952 elementor-widget elementor-widget-text-editor\" data-id=\"5008952\" data-element_type=\"widget\" data-e-type=\"widget\" data-widget_type=\"text-editor.default\">\n\t\t\t\t\t\t\t\t\t<p>Dormir bien no solo repara tu cuerpo y mente: define la calidad de tu energ\u00eda, tu \u00e1nimo y tu bienestar diario, y el colch\u00f3n es el elemento que lo hace posible.<span class=\"Apple-converted-space\">\u00a0<\/span><\/p><p>Sabemos con total certeza que un colch\u00f3n est\u00e1ndar nunca puede ser realmente bueno<\/p><p>Cada persona es distinta, y su descanso tambi\u00e9n debe serlo<br \/>Por eso, la \u00fanica manera correcta de hacer un colch\u00f3n perfecto, es personalizarlo en base a quienes duerman en \u00e9l.<br \/>As\u00ed trabajamos en PERSONAL REST, escuchamos, medimos, sentimos y creamos.<\/p><p>Cada colch\u00f3n que sale de nuestras manos es \u00fanico, como la persona que dormir\u00e1 en \u00e9l<\/p><p>Dormir bien no es un lujo, es una necesidad vital.<\/p><p><strong><i>La salud empieza en tu cama, y nosotros estamos aqu\u00ed para cuidarla.<\/i><\/strong><\/p>\t\t\t\t\t\t\t\t<\/div>\n\t\t\t\t<\/div>\n\t\t<div class=\"elementor-element elementor-element-39e4301 e-con-full e-flex e-con e-child\" data-id=\"39e4301\" data-element_type=\"container\" data-e-type=\"container\">\n\t\t\t\t<div class=\"elementor-element elementor-element-ec4d19b elementor-widget elementor-widget-image\" data-id=\"ec4d19b\" data-element_type=\"widget\" data-e-type=\"widget\" data-widget_type=\"image.default\">\n\t\t\t\t\t\t\t\t\t\t\t\t\t\t\t<img decoding=\"async\" width=\"1536\" height=\"1024\" src=\"https:\/\/personalrest.com\/wp-content\/uploads\/2026\/01\/ChatGPT-Image-8-ene-2026-13_33_08.png\" class=\"attachment-full size-full wp-image-2003\" alt=\"\" srcset=\"https:\/\/personalrest.com\/wp-content\/uploads\/2026\/01\/ChatGPT-Image-8-ene-2026-13_33_08.png 1536w, https:\/\/personalrest.com\/wp-content\/uploads\/2026\/01\/ChatGPT-Image-8-ene-2026-13_33_08-300x200.png 300w, https:\/\/personalrest.com\/wp-content\/uploads\/2026\/01\/ChatGPT-Image-8-ene-2026-13_33_08-600x400.png 600w, https:\/\/personalrest.com\/wp-content\/uploads\/2026\/01\/ChatGPT-Image-8-ene-2026-13_33_08-1024x683.png 1024w, https:\/\/personalrest.com\/wp-content\/uploads\/2026\/01\/ChatGPT-Image-8-ene-2026-13_33_08-768x512.png 768w\" sizes=\"(max-width: 1536px) 100vw, 1536px\" \/>\t\t\t\t\t\t\t\t\t\t\t\t\t\t\t<\/div>\n\t\t\t\t<\/div>\n\t\t\t\t<\/div>\n\t\t\t\t\t<\/div>\n\t\t\t\t<\/div>\n\t\t<div class=\"elementor-element elementor-element-00a5f75 e-flex e-con-boxed e-con e-parent\" data-id=\"00a5f75\" data-element_type=\"container\" data-e-type=\"container\" data-settings=\"{&quot;background_background&quot;:&quot;classic&quot;}\">\n\t\t\t\t\t<div class=\"e-con-inner\">\n\t\t<div class=\"elementor-element elementor-element-ffd1ce3 e-con-full e-flex e-con e-child\" data-id=\"ffd1ce3\" data-element_type=\"container\" data-e-type=\"container\">\n\t\t<div class=\"elementor-element elementor-element-9bb086b e-con-full e-flex e-con e-child\" data-id=\"9bb086b\" data-element_type=\"container\" data-e-type=\"container\">\n\t\t\t\t<div class=\"elementor-element elementor-element-3289f74 elementor-mobile-align-center elementor-icon-list--layout-traditional elementor-list-item-link-full_width elementor-widget elementor-widget-icon-list\" data-id=\"3289f74\" data-element_type=\"widget\" data-e-type=\"widget\" data-widget_type=\"icon-list.default\">\n\t\t\t\t\t\t\t<ul class=\"elementor-icon-list-items\">\n\t\t\t\t\t\t\t<li class=\"elementor-icon-list-item\">\n\t\t\t\t\t\t\t\t\t\t\t<span class=\"elementor-icon-list-icon\">\n\t\t\t\t\t\t\t<svg aria-hidden=\"true\" class=\"e-font-icon-svg e-fas-circle\" viewBox=\"0 0 512 512\" xmlns=\"http:\/\/www.w3.org\/2000\/svg\"><path d=\"M256 8C119 8 8 119 8 256s111 248 248 248 248-111 248-248S393 8 256 8z\"><\/path><\/svg>\t\t\t\t\t\t<\/span>\n\t\t\t\t\t\t\t\t\t\t<span class=\"elementor-icon-list-text\">Sobre Personal Rest<\/span>\n\t\t\t\t\t\t\t\t\t<\/li>\n\t\t\t\t\t\t<\/ul>\n\t\t\t\t\t\t<\/div>\n\t\t\t\t<\/div>\n\t\t<div class=\"elementor-element elementor-element-92fe796 e-con-full e-flex e-con e-child\" data-id=\"92fe796\" data-element_type=\"container\" data-e-type=\"container\">\n\t\t\t\t<div class=\"elementor-element elementor-element-16adac2 elementor-widget elementor-widget-heading\" data-id=\"16adac2\" data-element_type=\"widget\" data-e-type=\"widget\" data-widget_type=\"heading.default\">\n\t\t\t\t\t<span class=\"elementor-heading-title elementor-size-default\">Durante m\u00e1s de cuatro d\u00e9cadas hemos investigado c\u00f3mo descansa el cuerpo, c\u00f3mo se recupera y qu\u00e9 necesita realmente para regenerarse.<\/span>\t\t\t\t<\/div>\n\t\t<div class=\"elementor-element elementor-element-d711649 e-con-full e-flex e-con e-child\" data-id=\"d711649\" data-element_type=\"container\" data-e-type=\"container\">\n\t\t<div class=\"elementor-element elementor-element-7bfcbc9 e-con-full e-flex e-con e-child\" data-id=\"7bfcbc9\" data-element_type=\"container\" data-e-type=\"container\">\n\t\t\t\t<div class=\"elementor-element elementor-element-995acb7 elementor-widget elementor-widget-heading\" data-id=\"995acb7\" data-element_type=\"widget\" data-e-type=\"widget\" data-widget_type=\"heading.default\">\n\t\t\t\t\t<h2 class=\"elementor-heading-title elementor-size-default\">+40<\/h2>\t\t\t\t<\/div>\n\t\t\t\t<div class=\"elementor-element elementor-element-71f7c41 elementor-widget elementor-widget-text-editor\" data-id=\"71f7c41\" data-element_type=\"widget\" data-e-type=\"widget\" data-widget_type=\"text-editor.default\">\n\t\t\t\t\t\t\t\t\t<p>a\u00f1os investigando el descanso<\/p>\t\t\t\t\t\t\t\t<\/div>\n\t\t\t\t<\/div>\n\t\t<div class=\"elementor-element elementor-element-17e15f8 e-con-full e-flex e-con e-child\" data-id=\"17e15f8\" data-element_type=\"container\" data-e-type=\"container\">\n\t\t\t\t<div class=\"elementor-element elementor-element-1e34d3f elementor-widget elementor-widget-heading\" data-id=\"1e34d3f\" data-element_type=\"widget\" data-e-type=\"widget\" data-widget_type=\"heading.default\">\n\t\t\t\t\t<h2 class=\"elementor-heading-title elementor-size-default\">+27<\/h2>\t\t\t\t<\/div>\n\t\t\t\t<div class=\"elementor-element elementor-element-e5b18e3 elementor-widget elementor-widget-text-editor\" data-id=\"e5b18e3\" data-element_type=\"widget\" data-e-type=\"widget\" data-widget_type=\"text-editor.default\">\n\t\t\t\t\t\t\t\t\t<p>niveles de firmeza estudiados<\/p>\t\t\t\t\t\t\t\t<\/div>\n\t\t\t\t<\/div>\n\t\t<div class=\"elementor-element elementor-element-949deaf e-con-full e-flex e-con e-child\" data-id=\"949deaf\" data-element_type=\"container\" data-e-type=\"container\">\n\t\t\t\t<div class=\"elementor-element elementor-element-8d8c048 elementor-widget elementor-widget-heading\" data-id=\"8d8c048\" data-element_type=\"widget\" data-e-type=\"widget\" data-widget_type=\"heading.default\">\n\t\t\t\t\t<h2 class=\"elementor-heading-title elementor-size-default\">+6.000<\/h2>\t\t\t\t<\/div>\n\t\t\t\t<div class=\"elementor-element elementor-element-caf5724 elementor-widget elementor-widget-text-editor\" data-id=\"caf5724\" data-element_type=\"widget\" data-e-type=\"widget\" data-widget_type=\"text-editor.default\">\n\t\t\t\t\t\t\t\t\t<p>evaluaciones posturales realizadas<\/p>\t\t\t\t\t\t\t\t<\/div>\n\t\t\t\t<\/div>\n\t\t<div class=\"elementor-element elementor-element-7044b8b e-con-full e-flex e-con e-child\" data-id=\"7044b8b\" data-element_type=\"container\" data-e-type=\"container\">\n\t\t\t\t<div class=\"elementor-element elementor-element-08f9a71 elementor-widget elementor-widget-heading\" data-id=\"08f9a71\" data-element_type=\"widget\" data-e-type=\"widget\" data-widget_type=\"heading.default\">\n\t\t\t\t\t<h2 class=\"elementor-heading-title elementor-size-default\">+50<\/h2>\t\t\t\t<\/div>\n\t\t\t\t<div class=\"elementor-element elementor-element-8db620a elementor-widget elementor-widget-text-editor\" data-id=\"8db620a\" data-element_type=\"widget\" data-e-type=\"widget\" data-widget_type=\"text-editor.default\">\n\t\t\t\t\t\t\t\t\t<p>colchones dise\u00f1ados en el \u00faltimo a\u00f1o<\/p>\t\t\t\t\t\t\t\t<\/div>\n\t\t\t\t<\/div>\n\t\t\t\t<\/div>\n\t\t\t\t<\/div>\n\t\t\t\t<\/div>\n\t\t\t\t\t<\/div>\n\t\t\t\t<\/div>\n\t\t<div class=\"elementor-element elementor-element-fbadcba e-flex e-con-boxed e-con e-parent\" data-id=\"fbadcba\" data-element_type=\"container\" data-e-type=\"container\" data-settings=\"{&quot;background_background&quot;:&quot;classic&quot;}\">\n\t\t\t\t\t<div class=\"e-con-inner\">\n\t\t\t\t<div class=\"elementor-element elementor-element-1199fb8 elementor-widget elementor-widget-heading\" data-id=\"1199fb8\" data-element_type=\"widget\" data-e-type=\"widget\" data-widget_type=\"heading.default\">\n\t\t\t\t\t<h2 class=\"elementor-heading-title elementor-size-default\">Ning\u00fan cuerpo es est\u00e1ndar. <br> Tu colch\u00f3n tampoco deber\u00eda serlo.<\/h2>\t\t\t\t<\/div>\n\t\t\t\t<div class=\"elementor-element elementor-element-adcb5cc elementor-widget elementor-widget-text-editor\" data-id=\"adcb5cc\" data-element_type=\"widget\" data-e-type=\"widget\" data-widget_type=\"text-editor.default\">\n\t\t\t\t\t\t\t\t\t<p>Cada persona tiene una estructura distinta: una anatom\u00eda, una postura y unos h\u00e1bitos propios.<br data-start=\"1846\" data-end=\"1849\" \/>Un colch\u00f3n est\u00e1ndar no puede ofrecer un soporte verdaderamente adecuado.<br data-start=\"1923\" data-end=\"1926\" \/>La \u00fanica forma correcta de crear un colch\u00f3n excepcional es dise\u00f1arlo en funci\u00f3n de qui\u00e9n va a dormir en \u00e9l.<\/p>\t\t\t\t\t\t\t\t<\/div>\n\t\t\t\t<div class=\"elementor-element elementor-element-b127be8 elementor-widget elementor-widget-image\" data-id=\"b127be8\" data-element_type=\"widget\" data-e-type=\"widget\" data-widget_type=\"image.default\">\n\t\t\t\t\t\t\t\t\t\t\t\t\t\t\t<img decoding=\"async\" width=\"2560\" height=\"1186\" src=\"https:\/\/personalrest.com\/wp-content\/uploads\/2026\/01\/colchon-final-scaled.jpg\" class=\"attachment-full size-full wp-image-1999\" alt=\"\" srcset=\"https:\/\/personalrest.com\/wp-content\/uploads\/2026\/01\/colchon-final-scaled.jpg 2560w, https:\/\/personalrest.com\/wp-content\/uploads\/2026\/01\/colchon-final-scaled-600x278.jpg 600w, https:\/\/personalrest.com\/wp-content\/uploads\/2026\/01\/colchon-final-300x139.jpg 300w, https:\/\/personalrest.com\/wp-content\/uploads\/2026\/01\/colchon-final-1024x474.jpg 1024w, https:\/\/personalrest.com\/wp-content\/uploads\/2026\/01\/colchon-final-768x356.jpg 768w, https:\/\/personalrest.com\/wp-content\/uploads\/2026\/01\/colchon-final-1536x711.jpg 1536w, https:\/\/personalrest.com\/wp-content\/uploads\/2026\/01\/colchon-final-2048x949.jpg 2048w\" sizes=\"(max-width: 2560px) 100vw, 2560px\" \/>\t\t\t\t\t\t\t\t\t\t\t\t\t\t\t<\/div>\n\t\t\t\t\t<\/div>\n\t\t\t\t<\/div>\n\t\t<div class=\"elementor-element elementor-element-8af34fe e-flex e-con-boxed e-con e-parent\" data-id=\"8af34fe\" data-element_type=\"container\" data-e-type=\"container\" data-settings=\"{&quot;background_background&quot;:&quot;gradient&quot;}\">\n\t\t\t\t\t<div class=\"e-con-inner\">\n\t\t\t\t<div class=\"elementor-element elementor-element-4ec9e53 elementor-widget__width-initial elementor-widget elementor-widget-heading\" data-id=\"4ec9e53\" data-element_type=\"widget\" data-e-type=\"widget\" data-widget_type=\"heading.default\">\n\t\t\t\t\t<h2 class=\"elementor-heading-title elementor-size-default\">La salud empieza en tu cama, y nosotros estamos aqu\u00ed para cuidarla.<\/h2>\t\t\t\t<\/div>\n\t\t\t\t<div class=\"elementor-element elementor-element-7d13613 elementor-widget elementor-widget-button\" data-id=\"7d13613\" data-element_type=\"widget\" data-e-type=\"widget\" data-widget_type=\"button.default\">\n\t\t\t\t\t\t\t\t\t\t<a class=\"elementor-button elementor-button-link elementor-size-sm\" href=\"https:\/\/personalrest.com\/en\/product\/colchon-modular-pro\/\">\n\t\t\t\t\t\t<span class=\"elementor-button-content-wrapper\">\n\t\t\t\t\t\t\t\t\t<span class=\"elementor-button-text\">Personaliza tu colch\u00f3n<\/span>\n\t\t\t\t\t<\/span>\n\t\t\t\t\t<\/a>\n\t\t\t\t\t\t\t\t<\/div>\n\t\t\t\t\t<\/div>\n\t\t\t\t<\/div>\n\t\t\t\t<\/div>\n\t\t","protected":false},"excerpt":{"rendered":"<p>Sobre Nosotros Nuestra historia Personal Rest es una empresa familiar, la cual lleva m\u00e1s de 40 a\u00f1os dedicando su vida a mejorar la calidad del descanso de las personas. Nuestra b\u00fasqueda por la excelencia nos ha llevado a recorrer el mundo, buscando los mejores materiales, las tecnolog\u00edas m\u00e1s avanzadas y los conocimientos m\u00e1s profundos sobre [&hellip;]<\/p>\n","protected":false},"author":1,"featured_media":0,"parent":0,"menu_order":0,"comment_status":"closed","ping_status":"closed","template":"elementor_header_footer","meta":{"footnotes":""},"class_list":["post-389","page","type-page","status-publish","hentry"],"_links":{"self":[{"href":"https:\/\/personalrest.com\/en\/wp-json\/wp\/v2\/pages\/389","targetHints":{"allow":["GET"]}}],"collection":[{"href":"https:\/\/personalrest.com\/en\/wp-json\/wp\/v2\/pages"}],"about":[{"href":"https:\/\/personalrest.com\/en\/wp-json\/wp\/v2\/types\/page"}],"author":[{"embeddable":true,"href":"https:\/\/personalrest.com\/en\/wp-json\/wp\/v2\/users\/1"}],"replies":[{"embeddable":true,"href":"https:\/\/personalrest.com\/en\/wp-json\/wp\/v2\/comments?post=389"}],"version-history":[{"count":124,"href":"https:\/\/personalrest.com\/en\/wp-json\/wp\/v2\/pages\/389\/revisions"}],"predecessor-version":[{"id":2939,"href":"https:\/\/personalrest.com\/en\/wp-json\/wp\/v2\/pages\/389\/revisions\/2939"}],"wp:attachment":[{"href":"https:\/\/personalrest.com\/en\/wp-json\/wp\/v2\/media?parent=389"}],"curies":[{"name":"wp","href":"https:\/\/api.w.org\/{rel}","templated":true}]}}